{"id":1009,"date":"2021-06-25T19:35:55","date_gmt":"2021-06-25T22:35:55","guid":{"rendered":"https:\/\/isp1-sfe.infd.edu.ar\/sitio\/?page_id=1009"},"modified":"2026-01-27T14:24:27","modified_gmt":"2026-01-27T17:24:27","slug":"calendario-academico","status":"publish","type":"page","link":"https:\/\/isp1-sfe.infd.edu.ar\/sitio\/calendario-academico\/","title":{"rendered":"Calendario Acad\u00e9mico"},"content":{"rendered":"<div class=\"wp-block-image\">\n<figure class=\"aligncenter size-large is-resized\"><img decoding=\"async\" loading=\"lazy\" src=\"https:\/\/isp1-sfe.infd.edu.ar\/sitio\/wp-content\/uploads\/2021\/07\/Calendario-Academico.png\" alt=\"\" class=\"wp-image-1311\" width=\"544\" height=\"156\"\/><\/figure><\/div>\n\n\n<div class=\"wp-block-columns alignwide are-vertically-aligned-center has-white-background-color has-background is-layout-flex wp-container-5\">\n<div class=\"wp-block-column is-vertically-aligned-center is-layout-flow\" style=\"flex-basis:100%\">\n<div class=\"wp-block-columns is-layout-flex wp-container-3\">\n<div class=\"wp-block-column is-layout-flow\" style=\"flex-basis:100%\">\n<p><a rel=\"noreferrer noopener\" href=\"https:\/\/isp1-sfe.infd.edu.ar\/sitio\/wp-content\/uploads\/2026\/01\/Calendario-2026-Educacion-Superior.pdf\" target=\"_blank\"><em>Calendario Acad\u00e9mico 202<\/em>6 <em>Educaci\u00f3n Superior<\/em>*<\/a><\/p>\n\n\n\n<p>*<sub>Se informar\u00e1 oportunamente si se produce alg\u00fan cambio en las fechas publicadas en el calendario acad\u00e9mico<\/sub><\/p>\n\n\n\n<div class=\"wp-block-group alignwide is-layout-flow\"><div class=\"wp-block-group__inner-container\">\n<div class=\"wp-block-file\"><a href=\"https:\/\/isp1-sfe.infd.edu.ar\/sitio\/wp-content\/uploads\/2023\/02\/Anticipo-Calendario-Escolar-2023.jpg\" class=\"wp-block-file__button wp-element-button\" download><\/a><\/div>\n<\/div><\/div>\n<\/div>\n<\/div>\n<\/div>\n<\/div>\n\n\n\n<p><\/p>\n","protected":false},"excerpt":{"rendered":"<p>Calendario Acad\u00e9mico 2026 Educaci\u00f3n Superior* *Se informar\u00e1 oportunamente si se produce alg\u00fan cambio en las fechas publicadas en el calendario acad\u00e9mico<\/p>\n","protected":false},"author":959,"featured_media":0,"parent":0,"menu_order":0,"comment_status":"closed","ping_status":"closed","template":"","meta":[],"acf":[],"_links":{"self":[{"href":"https:\/\/isp1-sfe.infd.edu.ar\/sitio\/wp-json\/wp\/v2\/pages\/1009"}],"collection":[{"href":"https:\/\/isp1-sfe.infd.edu.ar\/sitio\/wp-json\/wp\/v2\/pages"}],"about":[{"href":"https:\/\/isp1-sfe.infd.edu.ar\/sitio\/wp-json\/wp\/v2\/types\/page"}],"author":[{"embeddable":true,"href":"https:\/\/isp1-sfe.infd.edu.ar\/sitio\/wp-json\/wp\/v2\/users\/959"}],"replies":[{"embeddable":true,"href":"https:\/\/isp1-sfe.infd.edu.ar\/sitio\/wp-json\/wp\/v2\/comments?post=1009"}],"version-history":[{"count":27,"href":"https:\/\/isp1-sfe.infd.edu.ar\/sitio\/wp-json\/wp\/v2\/pages\/1009\/revisions"}],"predecessor-version":[{"id":2937,"href":"https:\/\/isp1-sfe.infd.edu.ar\/sitio\/wp-json\/wp\/v2\/pages\/1009\/revisions\/2937"}],"wp:attachment":[{"href":"https:\/\/isp1-sfe.infd.edu.ar\/sitio\/wp-json\/wp\/v2\/media?parent=1009"}],"curies":[{"name":"wp","href":"https:\/\/api.w.org\/{rel}","templated":true}]}}