{"id":1011,"date":"2021-06-25T19:36:05","date_gmt":"2021-06-25T22:36:05","guid":{"rendered":"https:\/\/isp1-sfe.infd.edu.ar\/sitio\/?page_id=1011"},"modified":"2026-04-22T16:02:38","modified_gmt":"2026-04-22T19:02:38","slug":"horarios","status":"publish","type":"page","link":"https:\/\/isp1-sfe.infd.edu.ar\/sitio\/horarios\/","title":{"rendered":"Horarios"},"content":{"rendered":"<div class=\"wp-block-image\">\n<figure class=\"aligncenter size-large\"><img decoding=\"async\" loading=\"lazy\" width=\"480\" height=\"153\" src=\"https:\/\/isp1-sfe.infd.edu.ar\/sitio\/wp-content\/uploads\/2021\/08\/Horarios-de-cursado.png\" alt=\"\" class=\"wp-image-1430\"\/><\/figure><\/div>\n\n\n<figure class=\"wp-block-table\"><table><tbody><tr><td class=\"has-text-align-center\" data-align=\"center\"><a rel=\"noreferrer noopener\" href=\"https:\/\/isp1-sfe.infd.edu.ar\/sitio\/wp-content\/uploads\/2026\/03\/ADM-ECO-2026.pdf\" data-type=\"URL\" data-id=\"https:\/\/isp1-sfe.infd.edu.ar\/sitio\/wp-content\/uploads\/2026\/03\/ADM-ECO-2026.pdf\" target=\"_blank\">Prof. Administraci\u00f3n &#8211; Econom\u00eda<\/a><\/td><td class=\"has-text-align-center\" data-align=\"center\"><a href=\"https:\/\/isp1-sfe.infd.edu.ar\/sitio\/wp-content\/uploads\/2026\/04\/INICIAL-2026.pdf\" data-type=\"URL\" data-id=\"https:\/\/isp1-sfe.infd.edu.ar\/sitio\/wp-content\/uploads\/2026\/04\/INICIAL-2026.pdf\" target=\"_blank\" rel=\"noreferrer noopener\">Prof. Educacion Inicial<\/a><\/td><\/tr><tr><td class=\"has-text-align-center\" data-align=\"center\"><a rel=\"noreferrer noopener\" href=\"https:\/\/isp1-sfe.infd.edu.ar\/sitio\/wp-content\/uploads\/2026\/03\/BIOLOGIA-2026.pdf\" data-type=\"URL\" data-id=\"https:\/\/isp1-sfe.infd.edu.ar\/sitio\/wp-content\/uploads\/2026\/03\/BIOLOGIA-2026.pdf\" target=\"_blank\">Prof. Biolog\u00eda<\/a><\/td><td class=\"has-text-align-center\" data-align=\"center\"><a rel=\"noreferrer noopener\" href=\"https:\/\/isp1-sfe.infd.edu.ar\/sitio\/wp-content\/uploads\/2026\/03\/PRIMARIA-2026-2.pdf\" target=\"_blank\">Educaci\u00f3n Primaria<\/a><\/td><\/tr><tr><td class=\"has-text-align-center\" data-align=\"center\"><a rel=\"noreferrer noopener\" href=\"https:\/\/isp1-sfe.infd.edu.ar\/sitio\/wp-content\/uploads\/2026\/04\/LENGUA-Y-LITERATURA-2026.pdf\" data-type=\"URL\" data-id=\"https:\/\/isp1-sfe.infd.edu.ar\/sitio\/wp-content\/uploads\/2026\/04\/LENGUA-Y-LITERATURA-2026.pdf\" target=\"_blank\">Prof. Lengua y Literatura<\/a><\/td><td class=\"has-text-align-center\" data-align=\"center\"><a rel=\"noreferrer noopener\" href=\"https:\/\/isp1-sfe.infd.edu.ar\/sitio\/wp-content\/uploads\/2026\/03\/TECNICATURA-2026.pdf\" data-type=\"URL\" data-id=\"https:\/\/isp1-sfe.infd.edu.ar\/sitio\/wp-content\/uploads\/2026\/03\/TECNICATURA-2026.pdf\" target=\"_blank\">Tecnicatura Gesti\u00f3n de las Organizaciones<\/a><\/td><\/tr><tr><td class=\"has-text-align-center\" data-align=\"center\"><a rel=\"noreferrer noopener\" href=\"https:\/\/isp1-sfe.infd.edu.ar\/sitio\/wp-content\/uploads\/2026\/03\/MATEMATICA-2026.pdf\" data-type=\"URL\" data-id=\"https:\/\/isp1-sfe.infd.edu.ar\/sitio\/wp-content\/uploads\/2026\/03\/MATEMATICA-2026.pdf\" target=\"_blank\">Prof. Matem\u00e1tica<\/a><\/td><td class=\"has-text-align-center\" data-align=\"center\"><a rel=\"noreferrer noopener\" href=\"https:\/\/isp1-sfe.infd.edu.ar\/sitio\/wp-content\/uploads\/2026\/03\/AMBiENTE-2026.pdf\" data-type=\"URL\" data-id=\"https:\/\/isp1-sfe.infd.edu.ar\/sitio\/wp-content\/uploads\/2026\/03\/AMBiENTE-2026.pdf\" target=\"_blank\">Analista en Medio Ambiente<\/a><\/td><\/tr><tr><td class=\"has-text-align-center\" data-align=\"center\"><\/td><td class=\"has-text-align-center\" data-align=\"center\"><a rel=\"noreferrer noopener\" href=\"https:\/\/isp1-sfe.infd.edu.ar\/sitio\/wp-content\/uploads\/2026\/03\/SOFTWARE-2026.pdf\" data-type=\"URL\" data-id=\"https:\/\/isp1-sfe.infd.edu.ar\/sitio\/wp-content\/uploads\/2026\/03\/SOFTWARE-2026.pdf\" target=\"_blank\">Tecnicatura Desarrollo de Software (sede Firmat)<\/a><\/td><\/tr><\/tbody><\/table><figcaption class=\"wp-element-caption\"><em>Clic en cada Carrera para acceder a los horarios de cursado<\/em><\/figcaption><\/figure>\n\n\n\n<p><\/p>\n\n\n\n\n\n<p><\/p>\n\n\n\n<p><\/p>\n","protected":false},"excerpt":{"rendered":"<p>Prof. Administraci\u00f3n &#8211; Econom\u00eda Prof. Educacion Inicial Prof. Biolog\u00eda Educaci\u00f3n Primaria Prof. Lengua y Literatura Tecnicatura Gesti\u00f3n de las Organizaciones Prof. Matem\u00e1tica Analista en Medio Ambiente Tecnicatura Desarrollo de Software (sede Firmat) Clic en cada Carrera para acceder a los horarios de cursado<\/p>\n","protected":false},"author":959,"featured_media":0,"parent":0,"menu_order":0,"comment_status":"closed","ping_status":"closed","template":"","meta":[],"acf":[],"_links":{"self":[{"href":"https:\/\/isp1-sfe.infd.edu.ar\/sitio\/wp-json\/wp\/v2\/pages\/1011"}],"collection":[{"href":"https:\/\/isp1-sfe.infd.edu.ar\/sitio\/wp-json\/wp\/v2\/pages"}],"about":[{"href":"https:\/\/isp1-sfe.infd.edu.ar\/sitio\/wp-json\/wp\/v2\/types\/page"}],"author":[{"embeddable":true,"href":"https:\/\/isp1-sfe.infd.edu.ar\/sitio\/wp-json\/wp\/v2\/users\/959"}],"replies":[{"embeddable":true,"href":"https:\/\/isp1-sfe.infd.edu.ar\/sitio\/wp-json\/wp\/v2\/comments?post=1011"}],"version-history":[{"count":37,"href":"https:\/\/isp1-sfe.infd.edu.ar\/sitio\/wp-json\/wp\/v2\/pages\/1011\/revisions"}],"predecessor-version":[{"id":3077,"href":"https:\/\/isp1-sfe.infd.edu.ar\/sitio\/wp-json\/wp\/v2\/pages\/1011\/revisions\/3077"}],"wp:attachment":[{"href":"https:\/\/isp1-sfe.infd.edu.ar\/sitio\/wp-json\/wp\/v2\/media?parent=1011"}],"curies":[{"name":"wp","href":"https:\/\/api.w.org\/{rel}","templated":true}]}}