{"id":1015,"date":"2021-06-25T19:36:29","date_gmt":"2021-06-25T22:36:29","guid":{"rendered":"https:\/\/isp1-sfe.infd.edu.ar\/sitio\/?page_id=1015"},"modified":"2026-03-09T12:56:36","modified_gmt":"2026-03-09T15:56:36","slug":"inscripcion-a-materias","status":"publish","type":"page","link":"https:\/\/isp1-sfe.infd.edu.ar\/sitio\/inscripcion-a-materias\/","title":{"rendered":"Inscripci\u00f3n a Unidades Curriculares"},"content":{"rendered":"<div class=\"wp-block-image\">\n<figure class=\"aligncenter size-large\"><img decoding=\"async\" loading=\"lazy\" width=\"465\" height=\"146\" src=\"https:\/\/isp1-sfe.infd.edu.ar\/sitio\/wp-content\/uploads\/2021\/07\/Inscripcion-a-cursado.png\" alt=\"\" class=\"wp-image-1351\"\/><\/figure><\/div>\n\n\n<div class=\"wp-block-columns is-layout-flex wp-container-5\">\n<div class=\"wp-block-column is-layout-flow\">\n<figure class=\"wp-block-gallery has-nested-images columns-default is-cropped wp-block-gallery-1 is-layout-flex\">\n<figure class=\"wp-block-image size-large\"><img decoding=\"async\" loading=\"lazy\" width=\"500\" height=\"500\" src=\"https:\/\/isp1-sfe.infd.edu.ar\/sitio\/wp-content\/uploads\/2021\/07\/Inscripcion-a-UC-2.gif\" alt=\"\" class=\"wp-image-1326\"\/><\/figure>\n<\/figure>\n<\/div>\n\n\n\n<div class=\"wp-block-column is-layout-flow\">\n<p><strong><em>La inscripci\u00f3n a Unidades Curriculares se realiza cuando te interesa cursar de 2\u00b0 a 4\u00b0 a\u00f1o de la carrera a la cual te inscribiste. En el caso de 1\u00b0 a\u00f1o, solo deben inscribirse quienes deban&nbsp;<strong>RECURSAR<\/strong><\/em><\/strong>.<strong><em> <\/em><\/strong><\/p>\n\n\n\n<p>Es decir, si sos ingresante, al inscribirte en la Carrera y completar ambos pasos de la inscripci\u00f3n, autom\u00e1ticamente estar\u00e1s inscripto\/a a todas las Unidades Curriculares de 1\u00b0 a\u00f1o. En cambio, si te interesa cursar de 2\u00b0 a 4\u00b0 a\u00f1o o recursar algunas unidades curriculares de 1\u00ba a\u00f1o, deber\u00e1s inscribirte en aquellas unidades que desees teniendo en cuenta el <strong><em>Plan de Correlatividades de la <a rel=\"noreferrer noopener\" href=\"https:\/\/isp1-sfe.infd.edu.ar\/sitio\/carreras\/\" data-type=\"page\" data-id=\"973\" target=\"_blank\">Carrera<\/a><\/em><\/strong> a la que perteneces. <\/p>\n\n\n\n<p>Esta inscripci\u00f3n se realiza a trav\u00e9s de los siguientes formularios (<em>del 9 al 20 de marzo de 2026<\/em>). Recuerda que una vez completado el formulario, recibir\u00e1s un correo de confirmaci\u00f3n con un archivo PDF adjunto que ser\u00e1 tu <strong>Constancia de Inscripci\u00f3n a Unidades Curriculares<\/strong>. Dicha Constancia de Inscripci\u00f3n tendr\u00e1s que imprimirla y entregarla en secretaria del ISP.<\/p>\n\n\n\n<ul>\n<li><a href=\"https:\/\/forms.gle\/VPPUMyBEywXqbF569\" target=\"_blank\" rel=\"noreferrer noopener\">Analista en Medio Ambiente<\/a><\/li>\n\n\n\n<li><a href=\"https:\/\/forms.gle\/3EtXmBbzyPVvz3429\" target=\"_blank\" rel=\"noreferrer noopener\">Profesorado de Educ. Sec en Cs de la Administraci\u00f3n<\/a><\/li>\n\n\n\n<li><a href=\"https:\/\/forms.gle\/VLwtpKDUiybfJPp58\" target=\"_blank\" rel=\"noreferrer noopener\">Profesorado de Educ. Sec en Econom\u00eda<\/a><\/li>\n\n\n\n<li><a href=\"https:\/\/forms.gle\/qTbG9Legk3CY2pqC8\" target=\"_blank\" rel=\"noreferrer noopener\">Profesorado de Educ. Sec en Matem\u00e1tica<\/a><\/li>\n\n\n\n<li><a href=\"https:\/\/forms.gle\/VAm3bxcHxyMVVLxe6\" target=\"_blank\" rel=\"noreferrer noopener\">Profesorado de Educ. Sec en Lengua y Literatura<\/a><\/li>\n\n\n\n<li><a href=\"https:\/\/forms.gle\/CVNyerkbmGGno4Jx7\" target=\"_blank\" rel=\"noreferrer noopener\">Profesorado de Educaci\u00f3n Inicial<\/a><\/li>\n\n\n\n<li><a href=\"https:\/\/forms.gle\/ZdVeM4vemz4h237G8\" target=\"_blank\" rel=\"noreferrer noopener\">Profesorado de Educaci\u00f3n Primaria<\/a><\/li>\n\n\n\n<li><a href=\"https:\/\/forms.gle\/3Bt7BkZJ81pCDzJEA\" target=\"_blank\" rel=\"noreferrer noopener\">Profesorado de Educ. Sec en Biolog\u00eda<\/a><\/li>\n\n\n\n<li><a href=\"https:\/\/forms.gle\/9LPwW8HU16VoW1xV9\" target=\"_blank\" rel=\"noreferrer noopener\">Tecnicatura Superior en Gesti\u00f3n de las Organizaciones<\/a><\/li>\n\n\n\n<li><a href=\"https:\/\/forms.gle\/yGQRUrXu6z2nrRsk7\" target=\"_blank\" rel=\"noreferrer noopener\">Tecnicatura Superior en Desarrollo de Software<\/a><\/li>\n<\/ul>\n\n\n\n<p><\/p>\n<\/div>\n<\/div>\n","protected":false},"excerpt":{"rendered":"<p>La inscripci\u00f3n a Unidades Curriculares se realiza cuando te interesa cursar de 2\u00b0 a 4\u00b0 a\u00f1o de la carrera a la cual te inscribiste. En el caso de 1\u00b0 a\u00f1o, solo deben inscribirse quienes deban&nbsp;RECURSAR. Es decir, si sos ingresante, al inscribirte en la Carrera y completar ambos pasos de la inscripci\u00f3n, autom\u00e1ticamente estar\u00e1s inscripto\/a &#8230; <a title=\"Inscripci\u00f3n a Unidades Curriculares\" class=\"read-more\" href=\"https:\/\/isp1-sfe.infd.edu.ar\/sitio\/inscripcion-a-materias\/\" aria-label=\"More on Inscripci\u00f3n a Unidades Curriculares\">[+]<\/a><\/p>\n","protected":false},"author":959,"featured_media":0,"parent":0,"menu_order":0,"comment_status":"closed","ping_status":"closed","template":"","meta":[],"acf":[],"_links":{"self":[{"href":"https:\/\/isp1-sfe.infd.edu.ar\/sitio\/wp-json\/wp\/v2\/pages\/1015"}],"collection":[{"href":"https:\/\/isp1-sfe.infd.edu.ar\/sitio\/wp-json\/wp\/v2\/pages"}],"about":[{"href":"https:\/\/isp1-sfe.infd.edu.ar\/sitio\/wp-json\/wp\/v2\/types\/page"}],"author":[{"embeddable":true,"href":"https:\/\/isp1-sfe.infd.edu.ar\/sitio\/wp-json\/wp\/v2\/users\/959"}],"replies":[{"embeddable":true,"href":"https:\/\/isp1-sfe.infd.edu.ar\/sitio\/wp-json\/wp\/v2\/comments?post=1015"}],"version-history":[{"count":27,"href":"https:\/\/isp1-sfe.infd.edu.ar\/sitio\/wp-json\/wp\/v2\/pages\/1015\/revisions"}],"predecessor-version":[{"id":3007,"href":"https:\/\/isp1-sfe.infd.edu.ar\/sitio\/wp-json\/wp\/v2\/pages\/1015\/revisions\/3007"}],"wp:attachment":[{"href":"https:\/\/isp1-sfe.infd.edu.ar\/sitio\/wp-json\/wp\/v2\/media?parent=1015"}],"curies":[{"name":"wp","href":"https:\/\/api.w.org\/{rel}","templated":true}]}}