{"id":1019,"date":"2021-06-25T19:37:08","date_gmt":"2021-06-25T22:37:08","guid":{"rendered":"https:\/\/isp1-sfe.infd.edu.ar\/sitio\/?page_id=1019"},"modified":"2026-03-03T21:08:54","modified_gmt":"2026-03-04T00:08:54","slug":"homologaciones","status":"publish","type":"page","link":"https:\/\/isp1-sfe.infd.edu.ar\/sitio\/homologaciones\/","title":{"rendered":"Homologaciones"},"content":{"rendered":"<p><img decoding=\"async\" loading=\"lazy\" class=\"alignnone size-full wp-image-1257 aligncenter\" src=\"https:\/\/isp1-sfe.infd.edu.ar\/sitio\/wp-content\/uploads\/2021\/07\/Homologaciones-e1626014324492.png\" alt=\"\" width=\"469\" height=\"131\" \/><\/p>\n<p>Para solicitar <em><strong>homologaciones,<\/strong><\/em> <em><strong>internas <\/strong><\/em><strong>o<\/strong><em><strong> externas<\/strong><\/em>, debes ser estudiante regular del ISP 1 y, adem\u00e1s, completar el formulario correspondiente y enviar la documentaci\u00f3n que all\u00ed se establece.<\/p>\n<p><span style=\"color: #ff9900;\"><strong>Homologaciones Internas<\/strong><\/span> (\u00fanicamente) se presentar\u00e1n a tarv\u00e9s del siguiente formulario:<\/p>\n<p style=\"text-align: center;\"><a href=\"https:\/\/forms.gle\/fz6butZMVZCsH3um6\" target=\"_blank\" rel=\"noopener\">Solicitud de Homologaciones Internas<\/a><\/p>\n<ul>\n<li><strong>Documentaci\u00f3n a presentar<\/strong><strong>:<\/strong><br \/>\nSe deben presentar a la Jefa de Secci\u00f3n la documentaci\u00f3n requerida seg\u00fan RAM-RAI:<\/p>\n<ul>\n<li style=\"list-style-type: none;\">\n<ul>\n<li>Copia PDF del formulario que debe llegar al correo.<\/li>\n<li>Certificado de materias aprobadas para que la Jefa de Secci\u00f3n pueda corroborar que se tengan aprobadas las correlativas necesarias.<\/li>\n<\/ul>\n<\/li>\n<\/ul>\n<\/li>\n<\/ul>\n<p><span style=\"color: #ff9900;\"><strong>Homologaciones Externas<\/strong> <\/span>seg\u00fan fecha del calendario acad\u00e9mico 2026 (se informar\u00e1 oportunamente)<\/p>\n<p>Para acceder a la reglamentaci\u00f3n (<strong>R.A.I<\/strong>) que enmarca este tr\u00e1mite hac\u00e9 clic <a href=\"https:\/\/isp1-sfe.infd.edu.ar\/sitio\/wp-content\/uploads\/2021\/07\/RAI-ISP-1.pdf\" target=\"_blank\" rel=\"noopener\">ac\u00e1\u00a0<\/a><\/p>\n","protected":false},"excerpt":{"rendered":"<p>Para solicitar homologaciones, internas o externas, debes ser estudiante regular del ISP 1 y, adem\u00e1s, completar el formulario correspondiente y enviar la documentaci\u00f3n que all\u00ed se establece. Homologaciones Internas (\u00fanicamente) se presentar\u00e1n a tarv\u00e9s del siguiente formulario: Solicitud de Homologaciones Internas Documentaci\u00f3n a presentar: Se deben presentar a la Jefa de Secci\u00f3n la documentaci\u00f3n requerida &#8230; <a title=\"Homologaciones\" class=\"read-more\" href=\"https:\/\/isp1-sfe.infd.edu.ar\/sitio\/homologaciones\/\" aria-label=\"More on Homologaciones\">[+]<\/a><\/p>\n","protected":false},"author":959,"featured_media":0,"parent":0,"menu_order":0,"comment_status":"closed","ping_status":"closed","template":"","meta":[],"acf":[],"_links":{"self":[{"href":"https:\/\/isp1-sfe.infd.edu.ar\/sitio\/wp-json\/wp\/v2\/pages\/1019"}],"collection":[{"href":"https:\/\/isp1-sfe.infd.edu.ar\/sitio\/wp-json\/wp\/v2\/pages"}],"about":[{"href":"https:\/\/isp1-sfe.infd.edu.ar\/sitio\/wp-json\/wp\/v2\/types\/page"}],"author":[{"embeddable":true,"href":"https:\/\/isp1-sfe.infd.edu.ar\/sitio\/wp-json\/wp\/v2\/users\/959"}],"replies":[{"embeddable":true,"href":"https:\/\/isp1-sfe.infd.edu.ar\/sitio\/wp-json\/wp\/v2\/comments?post=1019"}],"version-history":[{"count":16,"href":"https:\/\/isp1-sfe.infd.edu.ar\/sitio\/wp-json\/wp\/v2\/pages\/1019\/revisions"}],"predecessor-version":[{"id":3004,"href":"https:\/\/isp1-sfe.infd.edu.ar\/sitio\/wp-json\/wp\/v2\/pages\/1019\/revisions\/3004"}],"wp:attachment":[{"href":"https:\/\/isp1-sfe.infd.edu.ar\/sitio\/wp-json\/wp\/v2\/media?parent=1019"}],"curies":[{"name":"wp","href":"https:\/\/api.w.org\/{rel}","templated":true}]}}