{"id":1021,"date":"2021-06-25T19:37:18","date_gmt":"2021-06-25T22:37:18","guid":{"rendered":"https:\/\/isp1-sfe.infd.edu.ar\/sitio\/?page_id=1021"},"modified":"2025-11-05T20:14:51","modified_gmt":"2025-11-05T23:14:51","slug":"adscripciones","status":"publish","type":"page","link":"https:\/\/isp1-sfe.infd.edu.ar\/sitio\/adscripciones\/","title":{"rendered":"Adscripciones"},"content":{"rendered":"<p><img decoding=\"async\" loading=\"lazy\" class=\"alignnone size-full wp-image-1251 aligncenter\" src=\"https:\/\/isp1-sfe.infd.edu.ar\/sitio\/wp-content\/uploads\/2021\/07\/Adscripciones-e1626010289293.png\" alt=\"\" width=\"460\" height=\"129\" \/><\/p>\n<p>El ISP N\u00b01, ofrece el cursado de Adscripciones a los\/las graduados\/as en instituciones\u00a0de Nivel Superior, sean o no egresados de su propia instituci\u00f3n, en los distintos\u00a0Espacios\/Unidades Curriculares para las que tiene competencias su titulaci\u00f3n.<\/p>\n<p>Para ser admitido\/a como profesor\/a\u00a0 adscripto\/a, se deber\u00e1n reunir los siguientes requisitos:<\/p>\n<ul>\n<li>Poseer el T\u00edtulo de Nivel Terciario y\/o Superior cuyos dise\u00f1os incluyan ese\u00a0Espacio\/Unidad Curricular como espec\u00edfica de la carrera (o su hom\u00f3loga)<\/li>\n<li>Haber obtenido como m\u00ednimo un promedio general Bueno (7 \u2013 siete) en su\u00a0especialidad.<\/li>\n<li>Haber obtenido como m\u00ednimo Distinguido (9 \u2013 Nueve) en Espacio\/Unidad\u00a0Curricular en la que se inscribe.<\/li>\n<li>Completar el siguiente formulario (<strong>del 1 de diciembre del 2025 al 31 de marzo del 2026<\/strong>) \u21d2 <a href=\"https:\/\/forms.gle\/aF8sPGSqTrSGdoDs8\" target=\"_blank\" rel=\"noopener\">Formulario Solicitud de Adscripci\u00f3n &#8211; ISP 1<\/a><\/li>\n<\/ul>\n<p>Para culminar el tr\u00e1mite de solicitud de adscripci\u00f3n, se debe entregar en secretar\u00eda del ISP (<strong>del 2 de marzo al 1 de abril de 2026<\/strong>):<\/p>\n<ul>\n<li>Solicitud de Adscripci\u00f3n (recibida por correo, en formato PDF, una vez completado el Formulario de Solicitud de Adscripci\u00f3n).<\/li>\n<li>Fotocopia de DNI.<\/li>\n<li>Certificado anal\u00edtico o T\u00edtulo de Nivel Terciario y\/o Superior (debidamente legalizados).<\/li>\n<\/ul>\n<pre><\/pre>\n<p><a href=\"https:\/\/isp1-sfe.infd.edu.ar\/sitio\/wp-content\/uploads\/2021\/07\/RAI-ISP-1.pdf\" target=\"_blank\" rel=\"noopener\"><!--more-->Leer m\u00e1s \u21d2 Reglamento Acad\u00e9mico Institucional\u00a0<\/a><\/p>\n","protected":false},"excerpt":{"rendered":"<p>El ISP N\u00b01, ofrece el cursado de Adscripciones a los\/las graduados\/as en instituciones\u00a0de Nivel Superior, sean o no egresados de su propia instituci\u00f3n, en los distintos\u00a0Espacios\/Unidades Curriculares para las que tiene competencias su titulaci\u00f3n. Para ser admitido\/a como profesor\/a\u00a0 adscripto\/a, se deber\u00e1n reunir los siguientes requisitos: Poseer el T\u00edtulo de Nivel Terciario y\/o Superior cuyos &#8230; <a title=\"Adscripciones\" class=\"read-more\" href=\"https:\/\/isp1-sfe.infd.edu.ar\/sitio\/adscripciones\/\" aria-label=\"More on Adscripciones\">[+]<\/a><\/p>\n","protected":false},"author":959,"featured_media":0,"parent":0,"menu_order":0,"comment_status":"closed","ping_status":"closed","template":"","meta":[],"acf":[],"_links":{"self":[{"href":"https:\/\/isp1-sfe.infd.edu.ar\/sitio\/wp-json\/wp\/v2\/pages\/1021"}],"collection":[{"href":"https:\/\/isp1-sfe.infd.edu.ar\/sitio\/wp-json\/wp\/v2\/pages"}],"about":[{"href":"https:\/\/isp1-sfe.infd.edu.ar\/sitio\/wp-json\/wp\/v2\/types\/page"}],"author":[{"embeddable":true,"href":"https:\/\/isp1-sfe.infd.edu.ar\/sitio\/wp-json\/wp\/v2\/users\/959"}],"replies":[{"embeddable":true,"href":"https:\/\/isp1-sfe.infd.edu.ar\/sitio\/wp-json\/wp\/v2\/comments?post=1021"}],"version-history":[{"count":20,"href":"https:\/\/isp1-sfe.infd.edu.ar\/sitio\/wp-json\/wp\/v2\/pages\/1021\/revisions"}],"predecessor-version":[{"id":2899,"href":"https:\/\/isp1-sfe.infd.edu.ar\/sitio\/wp-json\/wp\/v2\/pages\/1021\/revisions\/2899"}],"wp:attachment":[{"href":"https:\/\/isp1-sfe.infd.edu.ar\/sitio\/wp-json\/wp\/v2\/media?parent=1021"}],"curies":[{"name":"wp","href":"https:\/\/api.w.org\/{rel}","templated":true}]}}