{"id":1023,"date":"2021-06-25T19:37:28","date_gmt":"2021-06-25T22:37:28","guid":{"rendered":"https:\/\/isp1-sfe.infd.edu.ar\/sitio\/?page_id=1023"},"modified":"2026-02-23T11:37:22","modified_gmt":"2026-02-23T14:37:22","slug":"ingreso","status":"publish","type":"page","link":"https:\/\/isp1-sfe.infd.edu.ar\/sitio\/ingreso\/","title":{"rendered":"Ingreso"},"content":{"rendered":"<div class=\"wp-block-image\">\n<figure class=\"aligncenter size-large\"><img decoding=\"async\" loading=\"lazy\" width=\"474\" height=\"155\" src=\"https:\/\/isp1-sfe.infd.edu.ar\/sitio\/wp-content\/uploads\/2021\/09\/Ingresantes.png\" alt=\"\" class=\"wp-image-1494\"\/><\/figure><\/div>\n\n\n<p class=\"has-text-align-center has-medium-font-size\" style=\"font-style:normal;font-weight:600;letter-spacing:3px;text-transform:none\"><em><mark style=\"background-color:rgba(0, 0, 0, 0)\" class=\"has-inline-color has-contrast-2-color\">Inscripci\u00f3n de alumnos ingresantes a primer a\u00f1o 2026<\/mark><\/em><\/p>\n\n\n\n<div class=\"wp-block-columns is-layout-flex wp-container-3\">\n<div class=\"wp-block-column is-layout-flow\" style=\"flex-basis:33.33%\">\n<p><\/p>\n\n\n\n<figure class=\"wp-block-image size-large\"><img decoding=\"async\" loading=\"lazy\" width=\"500\" height=\"500\" src=\"https:\/\/isp1-sfe.infd.edu.ar\/sitio\/wp-content\/uploads\/2021\/07\/Inscripcion-a-carreras.gif\" alt=\"\" class=\"wp-image-1316\"\/><\/figure>\n\n\n\n<figure class=\"wp-block-table\"><table><tbody><tr><td>Ante cualquier duda envi\u00e1 un correo electr\u00f3nico a <a rel=\"noreferrer noopener\" href=\"mailto:ingresantesprofesorado1@gmail.com\" target=\"_blank\"><strong><em>ingresantesprofesorado1@gmail.com<\/em><\/strong><\/a><br><br>Tambi\u00e9n pod\u00e9s llamar por tel\u00e9fono de <strong><em>lunes a viernes de 17hs a 20hs<\/em><\/strong> al n\u00famero: <strong><em>03464  422333<\/em><\/strong><br><br>O acercarte al Instituto: <strong><em>Dante Alighieri 2385 &#8211; Casilda (Santa Fe)<\/em><\/strong><br><br>Record\u00e1 que la Tec. Superior en Desarrollo de Software se dicta en la extensi\u00f3n \u00e1ulica  de la ciudad de Firmat.<\/td><\/tr><\/tbody><\/table><\/figure>\n\n\n\n<p><\/p>\n<\/div>\n\n\n\n<div class=\"wp-block-column is-vertically-aligned-top is-layout-flow\" style=\"flex-basis:66.66%\">\n<p><em>El <strong>1\u00b0 paso<\/strong> en la Inscripci\u00f3n a Carreras del ISP 1 es completar el siguiente <a href=\"https:\/\/forms.gle\/5z7ZzxRywmNwWrkMA\" data-type=\"URL\" target=\"_blank\" rel=\"noreferrer noopener\">Formulario<\/a><\/em> desde el 23 al 27 de febrero de 2026. <\/p>\n\n\n\n<p>Una vez enviado el formulario, recibir\u00e1s un correo de confirmaci\u00f3n con un archivo PDF adjunto que tendr\u00e1s que imprimir y servir\u00e1 de Constancia de Solicitud de Inscripci\u00f3n.<\/p>\n\n\n\n<p><em>El <strong>2\u00b0 paso<\/strong> es entregar la Documentaci\u00f3n solicitada y la Constancia de Solicitud de Inscripci\u00f3n desde el <strong>18 de febrero al 30 de abril de 2026<\/strong> (sin excepci\u00f3n), de 17 a 20hs en secretaria del ISP. <\/em><\/p>\n\n\n\n<p><em>Con este 2\u00b0 paso ya completo se te considerar\u00e1 Ingresante a la\/s carrera\/s seleccionada\/s. <\/em><\/p>\n\n\n\n<p><strong>Documentaci\u00f3n solicitada:<\/strong><br>* Fotocopia legalizada de t\u00edtulo secundario o certificado de t\u00edtulo en tr\u00e1mite o constancia provisoria de haber finalizado los estudios secundarios.<br>* Fotocopia de DNI (<strong>frente y dorso<\/strong>) autenticada.<br>* Certificado de salud (expedido por m\u00e9dico cl\u00ednico)  y certificado psicol\u00f3gico (expedido por psic\u00f3logo).<br>* Certificado fonoaudiol\u00f3gico (<strong>solo<\/strong> para carreras de Formaci\u00f3n Docente, <strong>no <\/strong>es necesario para las tecnicaturas).<br>* Partida de nacimiento autenticada.<br>* Certificado de vecindad.<br>* 3 fotograf\u00edas 4 x 4.<br>* Al asistir a una instituci\u00f3n p\u00fablica se solicita aporte solidario para la Asociaci\u00f3n Cooperadora.<br><\/p>\n\n\n\n<p><\/p>\n<\/div>\n<\/div>\n\n\n\n<p><\/p>\n","protected":false},"excerpt":{"rendered":"<p>Inscripci\u00f3n de alumnos ingresantes a primer a\u00f1o 2026 Ante cualquier duda envi\u00e1 un correo electr\u00f3nico a ingresantesprofesorado1@gmail.com Tambi\u00e9n pod\u00e9s llamar por tel\u00e9fono de lunes a viernes de 17hs a 20hs al n\u00famero: 03464 422333 O acercarte al Instituto: Dante Alighieri 2385 &#8211; Casilda (Santa Fe) Record\u00e1 que la Tec. Superior en Desarrollo de Software se &#8230; <a title=\"Ingreso\" class=\"read-more\" href=\"https:\/\/isp1-sfe.infd.edu.ar\/sitio\/ingreso\/\" aria-label=\"More on Ingreso\">[+]<\/a><\/p>\n","protected":false},"author":959,"featured_media":0,"parent":0,"menu_order":0,"comment_status":"closed","ping_status":"closed","template":"","meta":[],"acf":[],"_links":{"self":[{"href":"https:\/\/isp1-sfe.infd.edu.ar\/sitio\/wp-json\/wp\/v2\/pages\/1023"}],"collection":[{"href":"https:\/\/isp1-sfe.infd.edu.ar\/sitio\/wp-json\/wp\/v2\/pages"}],"about":[{"href":"https:\/\/isp1-sfe.infd.edu.ar\/sitio\/wp-json\/wp\/v2\/types\/page"}],"author":[{"embeddable":true,"href":"https:\/\/isp1-sfe.infd.edu.ar\/sitio\/wp-json\/wp\/v2\/users\/959"}],"replies":[{"embeddable":true,"href":"https:\/\/isp1-sfe.infd.edu.ar\/sitio\/wp-json\/wp\/v2\/comments?post=1023"}],"version-history":[{"count":34,"href":"https:\/\/isp1-sfe.infd.edu.ar\/sitio\/wp-json\/wp\/v2\/pages\/1023\/revisions"}],"predecessor-version":[{"id":3002,"href":"https:\/\/isp1-sfe.infd.edu.ar\/sitio\/wp-json\/wp\/v2\/pages\/1023\/revisions\/3002"}],"wp:attachment":[{"href":"https:\/\/isp1-sfe.infd.edu.ar\/sitio\/wp-json\/wp\/v2\/media?parent=1023"}],"curies":[{"name":"wp","href":"https:\/\/api.w.org\/{rel}","templated":true}]}}