{"id":1029,"date":"2021-06-25T19:38:24","date_gmt":"2021-06-25T22:38:24","guid":{"rendered":"https:\/\/isp1-sfe.infd.edu.ar\/sitio\/?page_id=1029"},"modified":"2024-03-13T18:57:44","modified_gmt":"2024-03-13T21:57:44","slug":"plantel-docente","status":"publish","type":"page","link":"https:\/\/isp1-sfe.infd.edu.ar\/sitio\/plantel-docente\/","title":{"rendered":"Plantel docente"},"content":{"rendered":"<div class=\"wp-block-image\">\n<figure class=\"aligncenter\"><img decoding=\"async\" loading=\"lazy\" width=\"469\" height=\"177\" src=\"https:\/\/isp1-sfe.infd.edu.ar\/sitio\/wp-content\/uploads\/2021\/07\/Plantel-Docente-e1625254757201.png\" alt=\"\" class=\"wp-image-1137\"\/><\/figure><\/div>\n\n\n\n\n<figure class=\"wp-block-table\"><table><tbody><tr><td>Abrate, Luc\u00eda<br>Aguirre, Marilina<br>Antoniasi, Nicol\u00e1s<br>Arnau, Samanta<br>Arnoldi, Carina<br>Babini, Marina<br>Barrionuevo, Cesar<br>Battezzato, Silvina<br>Bedetti, Fernando<br>Belloni, Gabriela<br>Bertoglio, Alicia<br>Biase, Alejandra<br>Bourguignon, Michelle<br>Bustos, Roxana<br>C\u00e1ceres, Lorena<br>Caciarelli, Adriana<br>Caffi, Amancay<br>Callegari, Vanina<br>Catoggio, Mariana<br>Chiessa, Ana Mar\u00eda<br>Chiurchiu, Andrea<br>Ciminari, Luciana<br>Cipolletti, Mariela<br>Croppi, Adolfo<br>Dagostino, Mar\u00eda del Luj\u00e1n<br>D&#8217;angelo, Mar\u00eda<br>D\u00edaz, Julieta<br>Dom\u00ednguez, Mar\u00eda Paula<br>Failo, Ernesto<br>Fern\u00e1ndez, Mar\u00eda de la Paz<br>Ferrari, Alejandro<br>Filippi, Horacio<br><\/td><td>Frediani, Marcela<br>Frittegotto, Guillermo<br>Funes, Anal\u00eda<br>Galati, Caren<br>Gatti, Yanina<br>Gentile, Yanina<br>Giampaoli, Paola<br>Gil, Liliana<br>Godoy, Adri\u00e1n<br>Grosso, Natalia<br>Ianni, Tamara<br>Ispani, Mar\u00eda Guadalupe<br>Ivanisky, Miriam<br>Jotinsky, Gabriela<br>Kolodzinsky, Jorgelina<br>Lanza, Luis<br>Laurenti, Ver\u00f3nica<br>L\u00f3pez Salvatierra, Mariela<br>Luraschi, Luciana<br>Luraschi, Magal\u00ed<br>Luraschi, Mar\u00eda \u00c1ngeles<br>Magallanes, Luciana<br>Mandolini, Graciela<br>Martin Bartolozzi, Mar\u00eda Cecilia<br>Martini, Mauro<br>Michel\u00f3n, Sandra<br>Mochi, Evelin<br>Monterubbiano, Marcela<br>Morelli, Norma<br>Musso, Silvia<br>Negro, Perla<br>Nu\u00f1ez, Vanesa<\/td><td>Pace Trucco, Soledad<br>Parnisari, Diego<br>P\u00e9coro, Juliana<br>Perrin, Emiliano<br>Presello, Sof\u00eda<br>Racca, Mar\u00eda Eugenia<br>Rebora, Noelia<br>Rimoldi, Pablo<br>Rodr\u00edguez, Valeria<br>Roggero, Milena<br>Rossi, Malvina<br>Sala, Ver\u00f3nica Fabiana<br>S\u00e1nchez, Ramiro Jos\u00e9<br>Santana, Elena<br>Santarelli, Adri\u00e1n<br>Sarina, Caren<br>Sessa, Mariana<br>Sicardi, Mar\u00eda In\u00e9s<br>Sormanni, Mar\u00eda \u00c1ngeles<br>Taborda, Adriana<br>Telo, Silvana<br>Torresi, Oscar<br>Tramontini, Natalia<br>Voidanich, Natalia<br>Wasinger, Carina<br>Wegelin, Mar\u00eda Bel\u00e9n<br>Yabes, Flavia<br>Zacchino, Gabriela<br>Zorz\u00f3n, Jesica<br><br><br><\/td><\/tr><tr><td><\/td><td><\/td><td><\/td><\/tr><\/tbody><\/table><\/figure>\n","protected":false},"excerpt":{"rendered":"<p>Abrate, Luc\u00edaAguirre, MarilinaAntoniasi, Nicol\u00e1sArnau, SamantaArnoldi, CarinaBabini, MarinaBarrionuevo, CesarBattezzato, SilvinaBedetti, FernandoBelloni, GabrielaBertoglio, AliciaBiase, AlejandraBourguignon, MichelleBustos, RoxanaC\u00e1ceres, LorenaCaciarelli, AdrianaCaffi, AmancayCallegari, VaninaCatoggio, MarianaChiessa, Ana Mar\u00edaChiurchiu, AndreaCiminari, LucianaCipolletti, MarielaCroppi, AdolfoDagostino, Mar\u00eda del Luj\u00e1nD&#8217;angelo, Mar\u00edaD\u00edaz, JulietaDom\u00ednguez, Mar\u00eda PaulaFailo, ErnestoFern\u00e1ndez, Mar\u00eda de la PazFerrari, AlejandroFilippi, Horacio Frediani, MarcelaFrittegotto, GuillermoFunes, Anal\u00edaGalati, CarenGatti, YaninaGentile, YaninaGiampaoli, PaolaGil, LilianaGodoy, Adri\u00e1nGrosso, NataliaIanni, TamaraIspani, Mar\u00eda GuadalupeIvanisky, MiriamJotinsky, &#8230; <a title=\"Plantel docente\" class=\"read-more\" href=\"https:\/\/isp1-sfe.infd.edu.ar\/sitio\/plantel-docente\/\" aria-label=\"More on Plantel docente\">[+]<\/a><\/p>\n","protected":false},"author":959,"featured_media":0,"parent":0,"menu_order":0,"comment_status":"closed","ping_status":"closed","template":"","meta":[],"acf":[],"_links":{"self":[{"href":"https:\/\/isp1-sfe.infd.edu.ar\/sitio\/wp-json\/wp\/v2\/pages\/1029"}],"collection":[{"href":"https:\/\/isp1-sfe.infd.edu.ar\/sitio\/wp-json\/wp\/v2\/pages"}],"about":[{"href":"https:\/\/isp1-sfe.infd.edu.ar\/sitio\/wp-json\/wp\/v2\/types\/page"}],"author":[{"embeddable":true,"href":"https:\/\/isp1-sfe.infd.edu.ar\/sitio\/wp-json\/wp\/v2\/users\/959"}],"replies":[{"embeddable":true,"href":"https:\/\/isp1-sfe.infd.edu.ar\/sitio\/wp-json\/wp\/v2\/comments?post=1029"}],"version-history":[{"count":19,"href":"https:\/\/isp1-sfe.infd.edu.ar\/sitio\/wp-json\/wp\/v2\/pages\/1029\/revisions"}],"predecessor-version":[{"id":2023,"href":"https:\/\/isp1-sfe.infd.edu.ar\/sitio\/wp-json\/wp\/v2\/pages\/1029\/revisions\/2023"}],"wp:attachment":[{"href":"https:\/\/isp1-sfe.infd.edu.ar\/sitio\/wp-json\/wp\/v2\/media?parent=1029"}],"curies":[{"name":"wp","href":"https:\/\/api.w.org\/{rel}","templated":true}]}}