{"id":1043,"date":"2021-06-25T19:42:51","date_gmt":"2021-06-25T22:42:51","guid":{"rendered":"https:\/\/isp1-sfe.infd.edu.ar\/sitio\/?page_id=1043"},"modified":"2023-04-04T23:01:20","modified_gmt":"2023-04-05T02:01:20","slug":"formularios-para-descargar","status":"publish","type":"page","link":"https:\/\/isp1-sfe.infd.edu.ar\/sitio\/formularios-para-descargar\/","title":{"rendered":"Formularios para descargar"},"content":{"rendered":"<p><img decoding=\"async\" loading=\"lazy\" class=\"size-full wp-image-1196 aligncenter\" src=\"https:\/\/isp1-sfe.infd.edu.ar\/sitio\/wp-content\/uploads\/2021\/07\/Formularios-para-descargar-e1625595115990.png\" alt=\"\" width=\"470\" height=\"132\"><\/p>\n\n\n<p class=\"has-background\" style=\"background-color:#eef3f7;font-size:19px\"><br><img decoding=\"async\" loading=\"lazy\" width=\"51\" height=\"36\" class=\"wp-image-1474\" style=\"width: 51px;\" src=\"https:\/\/isp1-sfe.infd.edu.ar\/sitio\/wp-content\/uploads\/2021\/08\/descarga-1-e1630410795706.png\" alt=\"\">  <a rel=\"noreferrer noopener\" href=\"https:\/\/isp1-sfe.infd.edu.ar\/sitio\/wp-content\/uploads\/2021\/08\/LA-01-Solicitud-de-Licencias-Administrativas.pdf\" target=\"_blank\"><strong><em> Licencia Administrativa (LA &#8211; 01)<\/em><\/strong><\/a><br><img decoding=\"async\" loading=\"lazy\" width=\"51\" height=\"36\" class=\"wp-image-1474\" style=\"width: 51px;\" src=\"https:\/\/isp1-sfe.infd.edu.ar\/sitio\/wp-content\/uploads\/2021\/08\/descarga-1-e1630410795706.png\" alt=\"\">  <strong><em> <a rel=\"noreferrer noopener\" href=\"https:\/\/isp1-sfe.infd.edu.ar\/sitio\/wp-content\/uploads\/2022\/11\/Certificado-Medico.pdf\" data-type=\"URL\" target=\"_blank\">Certificado m\u00e9dico (nuevo procedimiento solicitud de licencia m\u00e9dica)<\/a><\/em><\/strong><br><img decoding=\"async\" loading=\"lazy\" width=\"51\" height=\"36\" class=\"wp-image-1474\" style=\"width: 51px;\" src=\"https:\/\/isp1-sfe.infd.edu.ar\/sitio\/wp-content\/uploads\/2021\/08\/descarga-1-e1630410795706.png\" alt=\"\">  <a rel=\"noreferrer noopener\" href=\"https:\/\/isp1-sfe.infd.edu.ar\/sitio\/wp-content\/uploads\/2021\/08\/DDJJ-Cargos-y-Horas-Catedras.pdf\" target=\"_blank\"><strong><em> Declaraci\u00f3n Jurada de Cargos y\/u Horas de C\u00e1tedra<\/em><\/strong><\/a><br><img decoding=\"async\" loading=\"lazy\" width=\"51\" height=\"36\" class=\"wp-image-1474\" style=\"width: 51px;\" src=\"https:\/\/isp1-sfe.infd.edu.ar\/sitio\/wp-content\/uploads\/2021\/08\/descarga-1-e1630410795706.png\" alt=\"\">   <a rel=\"noreferrer noopener\" href=\"https:\/\/isp1-sfe.infd.edu.ar\/sitio\/wp-content\/uploads\/2021\/08\/Certificado_de_desempeno_en_el_cargo_de_mayor_jerarquia.pdf\" target=\"_blank\"><em><strong>Certificado de Desempe\u00f1o del Cargo de Mayor Jerarqu\u00eda<\/strong><\/em><\/a><br><img decoding=\"async\" loading=\"lazy\" width=\"51\" height=\"36\" class=\"wp-image-1474\" style=\"width: 51px;\" src=\"https:\/\/isp1-sfe.infd.edu.ar\/sitio\/wp-content\/uploads\/2021\/08\/descarga-1-e1630410795706.png\" alt=\"\">   <a rel=\"noreferrer noopener\" href=\"https:\/\/isp1-sfe.infd.edu.ar\/sitio\/wp-content\/uploads\/2021\/08\/Constancia_de_actividad_simultanea_interactivo.pdf\" target=\"_blank\"><em><strong>Constancia de Actividad Escolar Simult\u00e1nea (Art. 30\u00b0)<\/strong><\/em><\/a><br><img decoding=\"async\" loading=\"lazy\" width=\"51\" height=\"36\" class=\"wp-image-1474\" style=\"width: 51px;\" src=\"https:\/\/isp1-sfe.infd.edu.ar\/sitio\/wp-content\/uploads\/2021\/08\/descarga-1-e1630410795706.png\" alt=\"\">   <a rel=\"noreferrer noopener\" href=\"https:\/\/isp1-sfe.infd.edu.ar\/sitio\/wp-content\/uploads\/2021\/08\/RD-01-Solicitud-de-Renuncia-y-Designacion.pdf\" target=\"_blank\"><em><strong>Solicitud de Renuncia y Designaci\u00f3n (RD-01-1)<\/strong><\/em><\/a><br> <img decoding=\"async\" loading=\"lazy\" width=\"51\" height=\"36\" class=\"wp-image-1474\" style=\"width: 51px;\" src=\"https:\/\/isp1-sfe.infd.edu.ar\/sitio\/wp-content\/uploads\/2021\/08\/descarga-1-e1630410795706.png\" alt=\"\"><a rel=\"noreferrer noopener\" href=\"https:\/\/isp1-sfe.infd.edu.ar\/sitio\/wp-content\/uploads\/2023\/04\/Certificado-Atencion-Familiar-Enfermo.pdf\" target=\"_blank\"><em><strong> <\/strong><\/em><\/a><a rel=\"noreferrer noopener\" href=\"https:\/\/isp1-sfe.infd.edu.ar\/sitio\/wp-content\/uploads\/2023\/04\/Certificado-Atencion-Familiar-Enfermo.pdf\" target=\"_blank\"><em><strong> <\/strong><\/em><\/a><a rel=\"noreferrer noopener\" href=\"https:\/\/isp1-sfe.infd.edu.ar\/sitio\/wp-content\/uploads\/2023\/04\/Certificado-Atencion-Familiar-Enfermo.pdf\" target=\"_blank\"><em><strong>Certificado Atencion Familiar Enfermo <\/strong><\/em><\/a><\/p>\n\n\n\n<p style=\"font-size:18px\">Declaraci\u00f3n Jurada De Familiares A Cargo: para completarla ingresar a <a rel=\"noreferrer noopener\" href=\"https:\/\/www.santafe.gob.ar\/intranet\" target=\"_blank\"><em>https:\/\/www.santafe.gob.ar\/intranet<\/em><\/a> con usuario y contrase\u00f1a de intranet, opci\u00f3n Educaci\u00f3n.<\/p>\n","protected":false},"excerpt":{"rendered":"<p>Licencia Administrativa (LA &#8211; 01) Certificado m\u00e9dico (nuevo procedimiento solicitud de licencia m\u00e9dica) Declaraci\u00f3n Jurada de Cargos y\/u Horas de C\u00e1tedra Certificado de Desempe\u00f1o del Cargo de Mayor Jerarqu\u00eda Constancia de Actividad Escolar Simult\u00e1nea (Art. 30\u00b0) Solicitud de Renuncia y Designaci\u00f3n (RD-01-1) Certificado Atencion Familiar Enfermo Declaraci\u00f3n Jurada De Familiares A Cargo: para completarla ingresar &#8230; <a title=\"Formularios para descargar\" class=\"read-more\" href=\"https:\/\/isp1-sfe.infd.edu.ar\/sitio\/formularios-para-descargar\/\" aria-label=\"More on Formularios para descargar\">[+]<\/a><\/p>\n","protected":false},"author":959,"featured_media":0,"parent":0,"menu_order":0,"comment_status":"closed","ping_status":"closed","template":"","meta":[],"acf":[],"_links":{"self":[{"href":"https:\/\/isp1-sfe.infd.edu.ar\/sitio\/wp-json\/wp\/v2\/pages\/1043"}],"collection":[{"href":"https:\/\/isp1-sfe.infd.edu.ar\/sitio\/wp-json\/wp\/v2\/pages"}],"about":[{"href":"https:\/\/isp1-sfe.infd.edu.ar\/sitio\/wp-json\/wp\/v2\/types\/page"}],"author":[{"embeddable":true,"href":"https:\/\/isp1-sfe.infd.edu.ar\/sitio\/wp-json\/wp\/v2\/users\/959"}],"replies":[{"embeddable":true,"href":"https:\/\/isp1-sfe.infd.edu.ar\/sitio\/wp-json\/wp\/v2\/comments?post=1043"}],"version-history":[{"count":15,"href":"https:\/\/isp1-sfe.infd.edu.ar\/sitio\/wp-json\/wp\/v2\/pages\/1043\/revisions"}],"predecessor-version":[{"id":1896,"href":"https:\/\/isp1-sfe.infd.edu.ar\/sitio\/wp-json\/wp\/v2\/pages\/1043\/revisions\/1896"}],"wp:attachment":[{"href":"https:\/\/isp1-sfe.infd.edu.ar\/sitio\/wp-json\/wp\/v2\/media?parent=1043"}],"curies":[{"name":"wp","href":"https:\/\/api.w.org\/{rel}","templated":true}]}}