{"id":941,"date":"2021-06-25T18:06:42","date_gmt":"2021-06-25T21:06:42","guid":{"rendered":"https:\/\/isp1-sfe.infd.edu.ar\/sitio\/?page_id=941"},"modified":"2021-09-01T10:25:49","modified_gmt":"2021-09-01T13:25:49","slug":"normativa","status":"publish","type":"page","link":"https:\/\/isp1-sfe.infd.edu.ar\/sitio\/normativa\/","title":{"rendered":"Normativa"},"content":{"rendered":"\n<div class=\"wp-block-image\"><figure class=\"aligncenter size-large\"><img decoding=\"async\" loading=\"lazy\" width=\"476\" height=\"131\" src=\"https:\/\/isp1-sfe.infd.edu.ar\/sitio\/wp-content\/uploads\/2021\/08\/Normativa.png\" alt=\"\" class=\"wp-image-1463\"\/><\/figure><\/div>\n\n\n\n<div class=\"wp-block-columns is-layout-flex wp-container-2\">\n<div class=\"wp-block-column is-layout-flow\">\n<pre class=\"wp-block-preformatted\"><img decoding=\"async\" loading=\"lazy\" width=\"51\" height=\"36\" class=\"wp-image-1474\" style=\"width: 51px;\" src=\"https:\/\/isp1-sfe.infd.edu.ar\/sitio\/wp-content\/uploads\/2021\/08\/descarga-1-e1630410795706.png\" alt=\"\">Reglamento Acad\u00e9mico Institucional - <strong><em><a rel=\"noreferrer noopener\" href=\"https:\/\/isp1-sfe.infd.edu.ar\/sitio\/wp-content\/uploads\/2021\/08\/RAI.pdf\" target=\"_blank\">RAI <\/a><\/em><\/strong>- \n\n<img decoding=\"async\" src=\"https:\/\/isp1-sfe.infd.edu.ar\/sitio\/wp-content\/uploads\/2021\/08\/descarga-1-e1630410795706.png\" alt=\"\">Reglamento de Pr\u00e1ctica - <strong><em><a rel=\"noreferrer noopener\" href=\"https:\/\/isp1-sfe.infd.edu.ar\/sitio\/wp-content\/uploads\/2021\/08\/Dec-4200-15-RAP.pdf\" target=\"_blank\">RAP Dec N\u00b0 4200\/15 <\/a><\/em><\/strong>- \n\n<img decoding=\"async\" src=\"https:\/\/isp1-sfe.infd.edu.ar\/sitio\/wp-content\/uploads\/2021\/08\/descarga-1-e1630410795706.png\" alt=\"\">Reglamento Acad\u00e9mico Marco - <strong><em><a rel=\"noreferrer noopener\" href=\"https:\/\/isp1-sfe.infd.edu.ar\/sitio\/wp-content\/uploads\/2021\/08\/Dec-4199-15-RAM.pdf\" target=\"_blank\">RAM Dec N\u00b0 4199\/15<\/a><\/em><\/strong> - \n\n<img decoding=\"async\" src=\"https:\/\/isp1-sfe.infd.edu.ar\/sitio\/wp-content\/uploads\/2021\/08\/descarga-1-e1630410795706.png\" alt=\"\">Reglamento Org\u00e1nico de los Institutos Superiores - <strong><em><a rel=\"noreferrer noopener\" href=\"https:\/\/isp1-sfe.infd.edu.ar\/sitio\/wp-content\/uploads\/2021\/08\/ROIS-Completo.pdf\" target=\"_blank\">ROIS<\/a><\/em><\/strong> - \n\n<img decoding=\"async\" src=\"https:\/\/isp1-sfe.infd.edu.ar\/sitio\/wp-content\/uploads\/2021\/08\/descarga-1-e1630410795706.png\" alt=\"\">Actualizaci\u00f3n Reglamento Org\u00e1nico Institutos superiores - <strong><em><a rel=\"noreferrer noopener\" href=\"https:\/\/isp1-sfe.infd.edu.ar\/sitio\/wp-content\/uploads\/2021\/08\/Actualizacion-del-ROIS.pdf\" target=\"_blank\">Actualizaci\u00f3n ROIS<\/a><\/em><\/strong> - <\/pre>\n<\/div>\n<\/div>\n","protected":false},"excerpt":{"rendered":"<p>Reglamento Acad\u00e9mico Institucional &#8211; RAI &#8211; Reglamento de Pr\u00e1ctica &#8211; RAP Dec N\u00b0 4200\/15 &#8211; Reglamento Acad\u00e9mico Marco &#8211; RAM Dec N\u00b0 4199\/15 &#8211; Reglamento Org\u00e1nico de los Institutos Superiores &#8211; ROIS &#8211; Actualizaci\u00f3n Reglamento Org\u00e1nico Institutos superiores &#8211; Actualizaci\u00f3n ROIS &#8211;<\/p>\n","protected":false},"author":959,"featured_media":0,"parent":0,"menu_order":0,"comment_status":"closed","ping_status":"closed","template":"","meta":[],"acf":[],"_links":{"self":[{"href":"https:\/\/isp1-sfe.infd.edu.ar\/sitio\/wp-json\/wp\/v2\/pages\/941"}],"collection":[{"href":"https:\/\/isp1-sfe.infd.edu.ar\/sitio\/wp-json\/wp\/v2\/pages"}],"about":[{"href":"https:\/\/isp1-sfe.infd.edu.ar\/sitio\/wp-json\/wp\/v2\/types\/page"}],"author":[{"embeddable":true,"href":"https:\/\/isp1-sfe.infd.edu.ar\/sitio\/wp-json\/wp\/v2\/users\/959"}],"replies":[{"embeddable":true,"href":"https:\/\/isp1-sfe.infd.edu.ar\/sitio\/wp-json\/wp\/v2\/comments?post=941"}],"version-history":[{"count":5,"href":"https:\/\/isp1-sfe.infd.edu.ar\/sitio\/wp-json\/wp\/v2\/pages\/941\/revisions"}],"predecessor-version":[{"id":1489,"href":"https:\/\/isp1-sfe.infd.edu.ar\/sitio\/wp-json\/wp\/v2\/pages\/941\/revisions\/1489"}],"wp:attachment":[{"href":"https:\/\/isp1-sfe.infd.edu.ar\/sitio\/wp-json\/wp\/v2\/media?parent=941"}],"curies":[{"name":"wp","href":"https:\/\/api.w.org\/{rel}","templated":true}]}}