{"id":973,"date":"2021-06-25T19:21:21","date_gmt":"2021-06-25T22:21:21","guid":{"rendered":"https:\/\/isp1-sfe.infd.edu.ar\/sitio\/?page_id=973"},"modified":"2021-08-04T15:12:06","modified_gmt":"2021-08-04T18:12:06","slug":"carreras","status":"publish","type":"page","link":"https:\/\/isp1-sfe.infd.edu.ar\/sitio\/carreras\/","title":{"rendered":"Carreras"},"content":{"rendered":"\n<div class=\"wp-block-columns is-layout-flex wp-container-3\">\n<div class=\"wp-block-column is-layout-flow\">\n<pre class=\"wp-block-preformatted has-medium-font-size\"><strong><em><a href=\"https:\/\/isp1-sfe.infd.edu.ar\/sitio\/prof-de-educacion-primaria\/\" data-type=\"page\" data-id=\"977\">Profesorado de Educaci\u00f3n Primaria<\/a><\/em><\/strong><\/pre>\n\n\n\n<pre class=\"wp-block-preformatted has-medium-font-size\"><em><strong><a href=\"https:\/\/isp1-sfe.infd.edu.ar\/sitio\/prof-de-educacion-inicial\/\" data-type=\"page\" data-id=\"975\">Profesorado de Educaci\u00f3n Inicial <\/a><\/strong><\/em><\/pre>\n\n\n\n<pre class=\"wp-block-preformatted\" style=\"font-size:22px\"><em><strong>Profesorados de Educaci\u00f3n Secundaria en<\/strong><\/em><\/pre>\n\n\n\n<pre class=\"wp-block-preformatted has-medium-font-size\"><a href=\"https:\/\/isp1-sfe.infd.edu.ar\/sitio\/prof-de-administracion\/\" data-type=\"page\" data-id=\"981\"><strong><em>Administraci\u00f3n<\/em><\/strong><\/a>\n\n<a href=\"https:\/\/isp1-sfe.infd.edu.ar\/sitio\/prof-de-biologia\/\" data-type=\"page\" data-id=\"985\"><strong><em>Biolog\u00eda<\/em><\/strong><\/a>\n\n<a href=\"https:\/\/isp1-sfe.infd.edu.ar\/sitio\/prof-de-economia\/\" data-type=\"page\" data-id=\"979\"><strong><em>Econom\u00eda<\/em><\/strong><\/a>\n\n<a href=\"https:\/\/isp1-sfe.infd.edu.ar\/sitio\/prof-de-matematica\/\" data-type=\"page\" data-id=\"983\"><strong><em>Matem\u00e1tica<\/em><\/strong><\/a>\n\n<a href=\"https:\/\/isp1-sfe.infd.edu.ar\/sitio\/prof-de-lengua-y-literatura\/\" data-type=\"page\" data-id=\"987\"><strong><em>Lengua y Literatura<\/em><\/strong><\/a><\/pre>\n\n\n\n<p><\/p>\n<\/div>\n\n\n\n<div class=\"wp-block-column is-layout-flow\">\n<pre class=\"wp-block-preformatted\" style=\"font-size:22px\"><strong><em>Tecnicaturas<\/em><\/strong><\/pre>\n\n\n\n<pre class=\"wp-block-preformatted has-medium-font-size\"><a href=\"https:\/\/isp1-sfe.infd.edu.ar\/sitio\/analista-en-medio-ambiente\/\" data-type=\"page\" data-id=\"993\"><strong><em>Analista en Medio Ambiente<\/em><\/strong><\/a>\n\n<a href=\"https:\/\/isp1-sfe.infd.edu.ar\/sitio\/tec-gestion-de-las-organizaciones\/\" data-type=\"page\" data-id=\"989\"><strong><em>Gesti\u00f3n de las Organizaciones<\/em><\/strong><\/a>\n\n<a href=\"https:\/\/isp1-sfe.infd.edu.ar\/sitio\/tec-desarrollo-de-software\/\" data-type=\"page\" data-id=\"991\"><strong><em>Desarrollo de Software<\/em><\/strong><\/a><\/pre>\n<\/div>\n<\/div>\n\n\n\n<p><\/p>\n","protected":false},"excerpt":{"rendered":"<p>Profesorado de Educaci\u00f3n Primaria Profesorado de Educaci\u00f3n Inicial Profesorados de Educaci\u00f3n Secundaria en Administraci\u00f3n Biolog\u00eda Econom\u00eda Matem\u00e1tica Lengua y Literatura Tecnicaturas Analista en Medio Ambiente Gesti\u00f3n de las Organizaciones Desarrollo de Software<\/p>\n","protected":false},"author":959,"featured_media":0,"parent":0,"menu_order":0,"comment_status":"closed","ping_status":"closed","template":"","meta":[],"acf":[],"_links":{"self":[{"href":"https:\/\/isp1-sfe.infd.edu.ar\/sitio\/wp-json\/wp\/v2\/pages\/973"}],"collection":[{"href":"https:\/\/isp1-sfe.infd.edu.ar\/sitio\/wp-json\/wp\/v2\/pages"}],"about":[{"href":"https:\/\/isp1-sfe.infd.edu.ar\/sitio\/wp-json\/wp\/v2\/types\/page"}],"author":[{"embeddable":true,"href":"https:\/\/isp1-sfe.infd.edu.ar\/sitio\/wp-json\/wp\/v2\/users\/959"}],"replies":[{"embeddable":true,"href":"https:\/\/isp1-sfe.infd.edu.ar\/sitio\/wp-json\/wp\/v2\/comments?post=973"}],"version-history":[{"count":4,"href":"https:\/\/isp1-sfe.infd.edu.ar\/sitio\/wp-json\/wp\/v2\/pages\/973\/revisions"}],"predecessor-version":[{"id":1362,"href":"https:\/\/isp1-sfe.infd.edu.ar\/sitio\/wp-json\/wp\/v2\/pages\/973\/revisions\/1362"}],"wp:attachment":[{"href":"https:\/\/isp1-sfe.infd.edu.ar\/sitio\/wp-json\/wp\/v2\/media?parent=973"}],"curies":[{"name":"wp","href":"https:\/\/api.w.org\/{rel}","templated":true}]}}