{"id":983,"date":"2021-06-25T19:29:24","date_gmt":"2021-06-25T22:29:24","guid":{"rendered":"https:\/\/isp1-sfe.infd.edu.ar\/sitio\/?page_id=983"},"modified":"2022-06-03T15:46:07","modified_gmt":"2022-06-03T18:46:07","slug":"prof-de-matematica","status":"publish","type":"page","link":"https:\/\/isp1-sfe.infd.edu.ar\/sitio\/prof-de-matematica\/","title":{"rendered":"Prof. de Matem\u00e1tica"},"content":{"rendered":"<p style=\"text-align: center;\"><img decoding=\"async\" loading=\"lazy\" class=\"wp-image-1270 size-full alignleft\" src=\"https:\/\/isp1-sfe.infd.edu.ar\/sitio\/wp-content\/uploads\/2021\/07\/MAT-e1626124748957.jpg\" alt=\"\" width=\"250\" height=\"250\" \/><\/p>\n<p style=\"text-align: left;\"><em><strong>Denominaci\u00f3n de la carrera:<\/strong> <\/em>Profesorado de Educaci\u00f3n Secundaria en Matem\u00e1tica<\/p>\n<p style=\"text-align: left;\"><strong><em>Plan<\/em><\/strong> N\u00b0 2090\/15<\/p>\n<p style=\"text-align: left;\"><strong><em>Duraci\u00f3n:\u00a0<\/em><\/strong>4\u00a0a\u00f1os<\/p>\n<p style=\"text-align: left;\"><strong><em>T\u00edtulo a otorgar:<\/em> <\/strong>Profesor\/a\u00a0de Educaci\u00f3n Secundaria en Matem\u00e1tica<\/p>\n<p style=\"text-align: center;\"><a href=\"https:\/\/isp1-sfe.infd.edu.ar\/sitio\/wp-content\/uploads\/2021\/07\/DC-Matem\u00e1tica.pdf\" target=\"_blank\" rel=\"noopener\">Dise\u00f1o Curricular Profesorado de Matem\u00e1tica<\/a><\/p>\n<p style=\"text-align: center;\"><a href=\"https:\/\/isp1-sfe.infd.edu.ar\/sitio\/wp-content\/uploads\/2022\/06\/Correlatividades-Matematica.pdf\" target=\"_blank\" rel=\"noopener\">Correlatividades Profesorado de Matem\u00e1tica<\/a><\/p>\n\n\n<p><\/p>\n","protected":false},"excerpt":{"rendered":"<p>Denominaci\u00f3n de la carrera: Profesorado de Educaci\u00f3n Secundaria en Matem\u00e1tica Plan N\u00b0 2090\/15 Duraci\u00f3n:\u00a04\u00a0a\u00f1os T\u00edtulo a otorgar: Profesor\/a\u00a0de Educaci\u00f3n Secundaria en Matem\u00e1tica Dise\u00f1o Curricular Profesorado de Matem\u00e1tica Correlatividades Profesorado de Matem\u00e1tica<\/p>\n","protected":false},"author":959,"featured_media":0,"parent":0,"menu_order":0,"comment_status":"closed","ping_status":"closed","template":"","meta":[],"acf":[],"_links":{"self":[{"href":"https:\/\/isp1-sfe.infd.edu.ar\/sitio\/wp-json\/wp\/v2\/pages\/983"}],"collection":[{"href":"https:\/\/isp1-sfe.infd.edu.ar\/sitio\/wp-json\/wp\/v2\/pages"}],"about":[{"href":"https:\/\/isp1-sfe.infd.edu.ar\/sitio\/wp-json\/wp\/v2\/types\/page"}],"author":[{"embeddable":true,"href":"https:\/\/isp1-sfe.infd.edu.ar\/sitio\/wp-json\/wp\/v2\/users\/959"}],"replies":[{"embeddable":true,"href":"https:\/\/isp1-sfe.infd.edu.ar\/sitio\/wp-json\/wp\/v2\/comments?post=983"}],"version-history":[{"count":8,"href":"https:\/\/isp1-sfe.infd.edu.ar\/sitio\/wp-json\/wp\/v2\/pages\/983\/revisions"}],"predecessor-version":[{"id":1698,"href":"https:\/\/isp1-sfe.infd.edu.ar\/sitio\/wp-json\/wp\/v2\/pages\/983\/revisions\/1698"}],"wp:attachment":[{"href":"https:\/\/isp1-sfe.infd.edu.ar\/sitio\/wp-json\/wp\/v2\/media?parent=983"}],"curies":[{"name":"wp","href":"https:\/\/api.w.org\/{rel}","templated":true}]}}