{"id":987,"date":"2021-06-25T19:29:45","date_gmt":"2021-06-25T22:29:45","guid":{"rendered":"https:\/\/isp1-sfe.infd.edu.ar\/sitio\/?page_id=987"},"modified":"2025-08-26T22:15:11","modified_gmt":"2025-08-27T01:15:11","slug":"prof-de-lengua-y-literatura","status":"publish","type":"page","link":"https:\/\/isp1-sfe.infd.edu.ar\/sitio\/prof-de-lengua-y-literatura\/","title":{"rendered":"Prof. de Lengua y Literatura"},"content":{"rendered":"<div class=\"wp-block-image\">\n<figure class=\"alignleft\"><img decoding=\"async\" loading=\"lazy\" width=\"250\" height=\"250\" src=\"https:\/\/isp1-sfe.infd.edu.ar\/sitio\/wp-content\/uploads\/2021\/07\/LYL-e1626124717591.jpg\" alt=\"\" class=\"wp-image-1269\"\/><\/figure><\/div>\n\n\n<p class=\"has-text-align-left\"><em><strong>Denominaci\u00f3n de la carrera:<\/strong> <\/em>Profesorado de Educaci\u00f3n Secundaria en Lengua y Literatura<\/p>\n\n\n\n<p class=\"has-text-align-left\"><strong><em>Plan<\/em><\/strong> N\u00b0 0514\/18<\/p>\n\n\n\n<p class=\"has-text-align-left\"><strong><em>Duraci\u00f3n:&nbsp;<\/em><\/strong>4&nbsp;a\u00f1os<\/p>\n\n\n\n<p class=\"has-text-align-left\"><strong><em>T\u00edtulo a otorgar:<\/em> <\/strong>Profesor\/a de Educaci\u00f3n Secundaria en Lengua y Literatura<\/p>\n\n\n\n<p><\/p>\n\n\n\n<h2 class=\"wp-block-heading\"><\/h2>\n\n\n\n<p class=\"has-text-align-center\"><a rel=\"noreferrer noopener\" href=\"https:\/\/mega.nz\/file\/k8g2XYQK#J5p1usCrmMO1tDo0gwxNimDjR_q0lfLOlZR3AIAjMTA\" target=\"_blank\">Dise\u00f1o Curricular Profesorado de Lengua y Literatura<\/a><\/p>\n\n\n\n<p class=\"has-text-align-center\"><a href=\"https:\/\/isp1-sfe.infd.edu.ar\/sitio\/wp-content\/uploads\/2022\/06\/Correlatividades-Lengua-y-Literatura-0514-18.pdf\" target=\"_blank\" rel=\"noreferrer noopener\">Correlatividades Profesorado de Lengua y Literatura Plan 514<\/a><\/p>\n\n\n\n<p class=\"has-text-align-right\"><\/p>\n\n\n\n<p><\/p>\n\n\n\n<p><\/p>\n","protected":false},"excerpt":{"rendered":"<p>Denominaci\u00f3n de la carrera: Profesorado de Educaci\u00f3n Secundaria en Lengua y Literatura Plan N\u00b0 0514\/18 Duraci\u00f3n:&nbsp;4&nbsp;a\u00f1os T\u00edtulo a otorgar: Profesor\/a de Educaci\u00f3n Secundaria en Lengua y Literatura Dise\u00f1o Curricular Profesorado de Lengua y Literatura Correlatividades Profesorado de Lengua y Literatura Plan 514<\/p>\n","protected":false},"author":959,"featured_media":0,"parent":0,"menu_order":0,"comment_status":"closed","ping_status":"closed","template":"","meta":[],"acf":[],"_links":{"self":[{"href":"https:\/\/isp1-sfe.infd.edu.ar\/sitio\/wp-json\/wp\/v2\/pages\/987"}],"collection":[{"href":"https:\/\/isp1-sfe.infd.edu.ar\/sitio\/wp-json\/wp\/v2\/pages"}],"about":[{"href":"https:\/\/isp1-sfe.infd.edu.ar\/sitio\/wp-json\/wp\/v2\/types\/page"}],"author":[{"embeddable":true,"href":"https:\/\/isp1-sfe.infd.edu.ar\/sitio\/wp-json\/wp\/v2\/users\/959"}],"replies":[{"embeddable":true,"href":"https:\/\/isp1-sfe.infd.edu.ar\/sitio\/wp-json\/wp\/v2\/comments?post=987"}],"version-history":[{"count":15,"href":"https:\/\/isp1-sfe.infd.edu.ar\/sitio\/wp-json\/wp\/v2\/pages\/987\/revisions"}],"predecessor-version":[{"id":2707,"href":"https:\/\/isp1-sfe.infd.edu.ar\/sitio\/wp-json\/wp\/v2\/pages\/987\/revisions\/2707"}],"wp:attachment":[{"href":"https:\/\/isp1-sfe.infd.edu.ar\/sitio\/wp-json\/wp\/v2\/media?parent=987"}],"curies":[{"name":"wp","href":"https:\/\/api.w.org\/{rel}","templated":true}]}}