{"id":989,"date":"2021-06-25T19:29:55","date_gmt":"2021-06-25T22:29:55","guid":{"rendered":"https:\/\/isp1-sfe.infd.edu.ar\/sitio\/?page_id=989"},"modified":"2022-06-03T15:47:28","modified_gmt":"2022-06-03T18:47:28","slug":"tec-gestion-de-las-organizaciones","status":"publish","type":"page","link":"https:\/\/isp1-sfe.infd.edu.ar\/sitio\/tec-gestion-de-las-organizaciones\/","title":{"rendered":"Tec. Gesti\u00f3n de las Organizaciones"},"content":{"rendered":"<p style=\"text-align: center;\"><img decoding=\"async\" loading=\"lazy\" class=\"wp-image-1273 size-full alignleft\" src=\"https:\/\/isp1-sfe.infd.edu.ar\/sitio\/wp-content\/uploads\/2021\/07\/TGO-e1626124855670.jpg\" alt=\"\" width=\"250\" height=\"250\" \/><\/p>\n<p style=\"text-align: left;\"><em><strong>Denominaci\u00f3n de la carrera:<\/strong> <\/em>Tecnicatura Superior en Gesti\u00f3n de las Organizaciones<\/p>\n<p style=\"text-align: left;\"><strong><em>Plan<\/em><\/strong> N\u00b0 0378\/16<\/p>\n<p style=\"text-align: left;\"><strong><em>Duraci\u00f3n: <\/em><\/strong><em>3<\/em>\u00a0a\u00f1os<\/p>\n<p style=\"text-align: left;\"><strong><em>T\u00edtulo a otorgar:<\/em> <\/strong>T\u00e9cnico\/a Superior en Gesti\u00f3n de las Organizaciones<\/p>\n<p style=\"text-align: center;\"><a href=\"https:\/\/isp1-sfe.infd.edu.ar\/sitio\/wp-content\/uploads\/2021\/07\/DC-TGO.pdf\" target=\"_blank\" rel=\"noopener\">Dise\u00f1o Curricular Tecnicatura en Gesti\u00f3n de las Organizaciones<\/a><\/p>\n<p style=\"text-align: center;\"><a href=\"https:\/\/isp1-sfe.infd.edu.ar\/sitio\/wp-content\/uploads\/2022\/06\/Correlatividades-TGO.pdf\" target=\"_blank\" rel=\"noopener\">Correlatividades Tecnicatura en Gesti\u00f3n de las Organizaciones<\/a><\/p>\n","protected":false},"excerpt":{"rendered":"<p>Denominaci\u00f3n de la carrera: Tecnicatura Superior en Gesti\u00f3n de las Organizaciones Plan N\u00b0 0378\/16 Duraci\u00f3n: 3\u00a0a\u00f1os T\u00edtulo a otorgar: T\u00e9cnico\/a Superior en Gesti\u00f3n de las Organizaciones Dise\u00f1o Curricular Tecnicatura en Gesti\u00f3n de las Organizaciones Correlatividades Tecnicatura en Gesti\u00f3n de las Organizaciones<\/p>\n","protected":false},"author":959,"featured_media":0,"parent":0,"menu_order":0,"comment_status":"closed","ping_status":"closed","template":"","meta":[],"acf":[],"_links":{"self":[{"href":"https:\/\/isp1-sfe.infd.edu.ar\/sitio\/wp-json\/wp\/v2\/pages\/989"}],"collection":[{"href":"https:\/\/isp1-sfe.infd.edu.ar\/sitio\/wp-json\/wp\/v2\/pages"}],"about":[{"href":"https:\/\/isp1-sfe.infd.edu.ar\/sitio\/wp-json\/wp\/v2\/types\/page"}],"author":[{"embeddable":true,"href":"https:\/\/isp1-sfe.infd.edu.ar\/sitio\/wp-json\/wp\/v2\/users\/959"}],"replies":[{"embeddable":true,"href":"https:\/\/isp1-sfe.infd.edu.ar\/sitio\/wp-json\/wp\/v2\/comments?post=989"}],"version-history":[{"count":6,"href":"https:\/\/isp1-sfe.infd.edu.ar\/sitio\/wp-json\/wp\/v2\/pages\/989\/revisions"}],"predecessor-version":[{"id":1701,"href":"https:\/\/isp1-sfe.infd.edu.ar\/sitio\/wp-json\/wp\/v2\/pages\/989\/revisions\/1701"}],"wp:attachment":[{"href":"https:\/\/isp1-sfe.infd.edu.ar\/sitio\/wp-json\/wp\/v2\/media?parent=989"}],"curies":[{"name":"wp","href":"https:\/\/api.w.org\/{rel}","templated":true}]}}