{"id":991,"date":"2021-06-25T19:30:06","date_gmt":"2021-06-25T22:30:06","guid":{"rendered":"https:\/\/isp1-sfe.infd.edu.ar\/sitio\/?page_id=991"},"modified":"2022-06-03T15:46:46","modified_gmt":"2022-06-03T18:46:46","slug":"tec-desarrollo-de-software","status":"publish","type":"page","link":"https:\/\/isp1-sfe.infd.edu.ar\/sitio\/tec-desarrollo-de-software\/","title":{"rendered":"Tec. Desarrollo de Software"},"content":{"rendered":"<p style=\"text-align: center;\"><img decoding=\"async\" loading=\"lazy\" class=\"wp-image-1272 size-full alignleft\" src=\"https:\/\/isp1-sfe.infd.edu.ar\/sitio\/wp-content\/uploads\/2021\/07\/SOFT-e1626124794898.jpg\" alt=\"\" width=\"250\" height=\"250\" \/><\/p>\n<p>\u00a0<\/p>\n<p style=\"text-align: left;\"><em><strong>Denominaci\u00f3n de la carrera:<\/strong> <\/em>Tecnicatura Superior en Desarrollo de Software<\/p>\n<p style=\"text-align: left;\"><strong><em>Plan<\/em><\/strong> N\u00b0 2120\/16<\/p>\n<p style=\"text-align: left;\"><strong><em>Duraci\u00f3n: <\/em><\/strong><em>3<\/em>\u00a0a\u00f1os<\/p>\n<p style=\"text-align: left;\"><strong><em>T\u00edtulo a otorgar:<\/em> <\/strong>T\u00e9cnico\/a Superior en Desarrollo de Software<\/p>\n<p>\u00a0<\/p>\n<p style=\"text-align: center;\"><a href=\"https:\/\/isp1-sfe.infd.edu.ar\/sitio\/wp-content\/uploads\/2021\/07\/DC-TDS-Firmat.pdf\" target=\"_blank\" rel=\"noopener\">Dise\u00f1o Curricular Tecnicatura en Desarrollo de Software<\/a><\/p>\n<p style=\"text-align: center;\"><a href=\"https:\/\/isp1-sfe.infd.edu.ar\/sitio\/wp-content\/uploads\/2022\/06\/Correlatividades-Ingenieria-de-Software-convertido-final.pdf\" target=\"_blank\" rel=\"noopener\">Correlatividades Tecnicatura en Desarrollo de Software<\/a><\/p>\n<p>\u00a0<\/p>\n\n\n<p><\/p>\n","protected":false},"excerpt":{"rendered":"<p>\u00a0 Denominaci\u00f3n de la carrera: Tecnicatura Superior en Desarrollo de Software Plan N\u00b0 2120\/16 Duraci\u00f3n: 3\u00a0a\u00f1os T\u00edtulo a otorgar: T\u00e9cnico\/a Superior en Desarrollo de Software \u00a0 Dise\u00f1o Curricular Tecnicatura en Desarrollo de Software Correlatividades Tecnicatura en Desarrollo de Software \u00a0<\/p>\n","protected":false},"author":959,"featured_media":0,"parent":0,"menu_order":0,"comment_status":"closed","ping_status":"closed","template":"","meta":[],"acf":[],"_links":{"self":[{"href":"https:\/\/isp1-sfe.infd.edu.ar\/sitio\/wp-json\/wp\/v2\/pages\/991"}],"collection":[{"href":"https:\/\/isp1-sfe.infd.edu.ar\/sitio\/wp-json\/wp\/v2\/pages"}],"about":[{"href":"https:\/\/isp1-sfe.infd.edu.ar\/sitio\/wp-json\/wp\/v2\/types\/page"}],"author":[{"embeddable":true,"href":"https:\/\/isp1-sfe.infd.edu.ar\/sitio\/wp-json\/wp\/v2\/users\/959"}],"replies":[{"embeddable":true,"href":"https:\/\/isp1-sfe.infd.edu.ar\/sitio\/wp-json\/wp\/v2\/comments?post=991"}],"version-history":[{"count":5,"href":"https:\/\/isp1-sfe.infd.edu.ar\/sitio\/wp-json\/wp\/v2\/pages\/991\/revisions"}],"predecessor-version":[{"id":1699,"href":"https:\/\/isp1-sfe.infd.edu.ar\/sitio\/wp-json\/wp\/v2\/pages\/991\/revisions\/1699"}],"wp:attachment":[{"href":"https:\/\/isp1-sfe.infd.edu.ar\/sitio\/wp-json\/wp\/v2\/media?parent=991"}],"curies":[{"name":"wp","href":"https:\/\/api.w.org\/{rel}","templated":true}]}}