{"id":993,"date":"2021-06-25T19:30:19","date_gmt":"2021-06-25T22:30:19","guid":{"rendered":"https:\/\/isp1-sfe.infd.edu.ar\/sitio\/?page_id=993"},"modified":"2022-06-03T15:39:01","modified_gmt":"2022-06-03T18:39:01","slug":"analista-en-medio-ambiente","status":"publish","type":"page","link":"https:\/\/isp1-sfe.infd.edu.ar\/sitio\/analista-en-medio-ambiente\/","title":{"rendered":"Analista en Medio Ambiente"},"content":{"rendered":"<p style=\"text-align: center;\"><img decoding=\"async\" loading=\"lazy\" class=\"alignnone size-full wp-image-1233 alignleft\" src=\"https:\/\/isp1-sfe.infd.edu.ar\/sitio\/wp-content\/uploads\/2021\/07\/TAMA-e1625684509311.jpg\" alt=\"\" width=\"250\" height=\"250\" \/><\/p>\n<p style=\"text-align: left;\"><em><strong>Denominaci\u00f3n de la carrera:<\/strong> <\/em>Analista en Medio Ambiente<\/p>\n<p style=\"text-align: left;\"><strong><em>Plan<\/em><\/strong> N\u00b0 3012\/02<\/p>\n<p style=\"text-align: left;\"><strong><em>Duraci\u00f3n:<\/em> <\/strong>3 a\u00f1os<\/p>\n<p style=\"text-align: left;\"><strong><em>T\u00edtulo a otorgar:<\/em> <\/strong>T\u00e9cnico Superior en Analista en Medio Ambiente<\/p>\n<p style=\"text-align: center;\"><a href=\"https:\/\/isp1-sfe.infd.edu.ar\/sitio\/wp-content\/uploads\/2021\/07\/DC-TAMA.pdf\" target=\"_blank\" rel=\"noopener\">Dise\u00f1o Curricular Analista en Medio Ambiente<\/a><\/p>\n<p style=\"text-align: center;\"><a href=\"https:\/\/isp1-sfe.infd.edu.ar\/sitio\/wp-content\/uploads\/2022\/06\/Correlatividades-Analista-en-Medio-Ambiente.pdf\" target=\"_blank\" rel=\"noopener\">Correlatividades Analista en Medio Ambiente<\/a><\/p>\n","protected":false},"excerpt":{"rendered":"<p>Denominaci\u00f3n de la carrera: Analista en Medio Ambiente Plan N\u00b0 3012\/02 Duraci\u00f3n: 3 a\u00f1os T\u00edtulo a otorgar: T\u00e9cnico Superior en Analista en Medio Ambiente Dise\u00f1o Curricular Analista en Medio Ambiente Correlatividades Analista en Medio Ambiente<\/p>\n","protected":false},"author":959,"featured_media":0,"parent":0,"menu_order":0,"comment_status":"closed","ping_status":"closed","template":"","meta":[],"acf":[],"_links":{"self":[{"href":"https:\/\/isp1-sfe.infd.edu.ar\/sitio\/wp-json\/wp\/v2\/pages\/993"}],"collection":[{"href":"https:\/\/isp1-sfe.infd.edu.ar\/sitio\/wp-json\/wp\/v2\/pages"}],"about":[{"href":"https:\/\/isp1-sfe.infd.edu.ar\/sitio\/wp-json\/wp\/v2\/types\/page"}],"author":[{"embeddable":true,"href":"https:\/\/isp1-sfe.infd.edu.ar\/sitio\/wp-json\/wp\/v2\/users\/959"}],"replies":[{"embeddable":true,"href":"https:\/\/isp1-sfe.infd.edu.ar\/sitio\/wp-json\/wp\/v2\/comments?post=993"}],"version-history":[{"count":12,"href":"https:\/\/isp1-sfe.infd.edu.ar\/sitio\/wp-json\/wp\/v2\/pages\/993\/revisions"}],"predecessor-version":[{"id":1690,"href":"https:\/\/isp1-sfe.infd.edu.ar\/sitio\/wp-json\/wp\/v2\/pages\/993\/revisions\/1690"}],"wp:attachment":[{"href":"https:\/\/isp1-sfe.infd.edu.ar\/sitio\/wp-json\/wp\/v2\/media?parent=993"}],"curies":[{"name":"wp","href":"https:\/\/api.w.org\/{rel}","templated":true}]}}